{"id":161,"date":"2022-02-03T21:44:21","date_gmt":"2022-02-03T20:44:21","guid":{"rendered":"https:\/\/chilematt.ch\/?page_id=161"},"modified":"2024-10-23T19:41:16","modified_gmt":"2024-10-23T17:41:16","slug":"neubau-chilematt","status":"publish","type":"page","link":"https:\/\/chilematt.ch\/","title":{"rendered":"Neubau Chilematt W\u00fcrenlos"},"content":{"rendered":"\n<div class=\"wp-block-cover alignwide\"><span aria-hidden=\"true\" class=\"wp-block-cover__background has-background-dim-10 has-background-dim\"><\/span><img loading=\"lazy\" decoding=\"async\" width=\"2560\" height=\"1707\" class=\"wp-block-cover__image-background wp-image-297\" alt=\"\" src=\"https:\/\/chilematt.ch\/wp-content\/uploads\/2022\/08\/DSC02608-scaled.jpg\" style=\"object-position:45% 80%\" data-object-fit=\"cover\" data-object-position=\"45% 80%\" srcset=\"https:\/\/chilematt.ch\/wp-content\/uploads\/2022\/08\/DSC02608-scaled.jpg 2560w, https:\/\/chilematt.ch\/wp-content\/uploads\/2022\/08\/DSC02608-300x200.jpg 300w, https:\/\/chilematt.ch\/wp-content\/uploads\/2022\/08\/DSC02608-1024x683.jpg 1024w, https:\/\/chilematt.ch\/wp-content\/uploads\/2022\/08\/DSC02608-768x512.jpg 768w, https:\/\/chilematt.ch\/wp-content\/uploads\/2022\/08\/DSC02608-1536x1024.jpg 1536w, https:\/\/chilematt.ch\/wp-content\/uploads\/2022\/08\/DSC02608-2048x1365.jpg 2048w, https:\/\/chilematt.ch\/wp-content\/uploads\/2022\/08\/DSC02608-1568x1045.jpg 1568w\" sizes=\"auto, (max-width: 2560px) 100vw, 2560px\" \/><div class=\"wp-block-cover__inner-container is-layout-flow wp-block-cover-is-layout-flow\">\n<p class=\"has-text-align-center has-large-font-size\"><\/p>\n<\/div><\/div>\n\n\n\n<p>In der Chilematt in W\u00fcrenlos entstand ein Mehrfamilienhaus mit Mietwohnungen, Wohnateliers und einem Gewerberaum.<br>Wohnen und Arbeiten sind in diesem durchdachten Projekt vereint, passend zur Lebenssituation.<\/p>\n\n\n\n<figure class=\"wp-block-table alignwide is-style-stripes\" id=\"Kurzbeschrieb\"><table class=\"has-background has-fixed-layout\" style=\"background-color:#f3f4f5\"><tbody><tr><td class=\"has-text-align-left\" data-align=\"left\"><strong>Geb\u00e4ude<\/strong><\/td><td><\/td><\/tr><tr><td class=\"has-text-align-left\" data-align=\"left\"><a href=\"https:\/\/chilematt.ch\/wp-content\/uploads\/2022\/02\/Kurzbaubeschrieb-Chilematt-V22_01.pdf\" data-type=\"URL\" data-id=\"https:\/\/chilematt.ch\/wp-content\/uploads\/2022\/02\/Kurzbaubeschrieb-Chilematt-V22_01.pdf\" target=\"_blank\" rel=\"noreferrer noopener\">Kurzbaubeschrieb (PDF)<\/a><\/td><td><\/td><\/tr><tr><td class=\"has-text-align-left\" data-align=\"left\"><strong>Wohnungen (1. + 2. OG)<\/strong><\/td><td><\/td><\/tr><tr><td class=\"has-text-align-left\" data-align=\"left\">\u25cf Moderner Ausbau<br>\u25cf Grosse Wohnk\u00fcche mit viel Platz<br>\u25cf Wohnungen barriere- und hindernisfrei begehbar<\/td><td>\u25cf Bodenbelag Parkett in den Wohnr\u00e4umen<br>\u25cf Eigener Kellerraum<br>\u25cf Zwei Nasszellen in den 5.0-Zimmerwohnungen<\/td><\/tr><tr><td class=\"has-text-align-left\" data-align=\"left\"><strong>Wohnatelier (EG)<\/strong><\/td><td><\/td><\/tr><tr><td class=\"has-text-align-left\" data-align=\"left\">\u25cf Grosser Wohn-\/Arbeitsraum von 30 m<sup>2<\/sup><br>\u25cf Nutzung Wohnatelier W03 mit Gewerberaum W04 m\u00f6glich<\/td><td>\u25cf K\u00fcche nach Wunsch einteilbar<br>\u25cf Eigener Kellerraum<\/td><\/tr><tr><td class=\"has-text-align-left\" data-align=\"left\"><strong>Gewerbe (EG)<\/strong><\/td><td><\/td><\/tr><tr><td class=\"has-text-align-left\" data-align=\"left\">\u25cf Edelrohbau<br>\u25cf Nutzung Gewerberaum W04 mit Wohnatelier W03 m\u00f6glich<\/td><td>\u25cf Wasseranschl\u00fcsse vorhanden<br>\u25cf Aussenfl\u00e4che an der Schulstrasse nutzbar<\/td><\/tr><tr><td class=\"has-text-align-left\" data-align=\"left\"><sub><a href=\"https:\/\/chilematt.ch\/wp-content\/uploads\/2021\/05\/Umgebung-Chilematt.pdf\" target=\"_blank\" rel=\"noreferrer noopener\">Plan Umgebung (PDF)<\/a><\/sub><\/td><td><sub><a href=\"https:\/\/chilematt.ch\/wp-content\/uploads\/2021\/05\/00-UG-Chilematt.pdf\" target=\"_blank\" rel=\"noreferrer noopener\">Plan Untergeschoss (PDF)<\/a><\/sub><\/td><\/tr><\/tbody><\/table><\/figure>\n\n\n\n<p id=\"Wohnen\"><strong>Wohnen<\/strong><br>Moderne Wohnungen mit 3.5 und 5-Zimmer, welche bequem mit dem Lift zu erreichen sind. Die nachfolgenden Bilder sind aus der 3.5-Zimmer Wohnung im zweiten Obergeschoss.<\/p>\n\n\n\n<div class=\"wp-block-jetpack-slideshow aligncenter\" data-autoplay=\"true\" data-delay=\"5\" data-effect=\"slide\"><div class=\"wp-block-jetpack-slideshow_container swiper-container\"><ul class=\"wp-block-jetpack-slideshow_swiper-wrapper swiper-wrapper\"><li class=\"wp-block-jetpack-slideshow_slide swiper-slide\"><figure><img loading=\"lazy\" decoding=\"async\" width=\"1024\" height=\"683\" alt=\"\" class=\"wp-block-jetpack-slideshow_image wp-image-301\" data-id=\"301\" src=\"https:\/\/chilematt.ch\/wp-content\/uploads\/2022\/08\/DSC02621-1024x683.jpg\" srcset=\"https:\/\/chilematt.ch\/wp-content\/uploads\/2022\/08\/DSC02621-1024x683.jpg 1024w, https:\/\/chilematt.ch\/wp-content\/uploads\/2022\/08\/DSC02621-300x200.jpg 300w, https:\/\/chilematt.ch\/wp-content\/uploads\/2022\/08\/DSC02621-768x512.jpg 768w, https:\/\/chilematt.ch\/wp-content\/uploads\/2022\/08\/DSC02621-1536x1024.jpg 1536w, https:\/\/chilematt.ch\/wp-content\/uploads\/2022\/08\/DSC02621-2048x1365.jpg 2048w, https:\/\/chilematt.ch\/wp-content\/uploads\/2022\/08\/DSC02621-1568x1045.jpg 1568w\" sizes=\"(max-width: 1024px) 100vw, 1024px\" \/><figcaption class=\"wp-block-jetpack-slideshow_caption gallery-caption\">Sicht in die Wohnung<\/figcaption><\/figure><\/li><li class=\"wp-block-jetpack-slideshow_slide swiper-slide\"><figure><img loading=\"lazy\" decoding=\"async\" width=\"1024\" height=\"683\" alt=\"\" class=\"wp-block-jetpack-slideshow_image wp-image-302\" data-id=\"302\" src=\"https:\/\/chilematt.ch\/wp-content\/uploads\/2022\/08\/DSC02624-1024x683.jpg\" srcset=\"https:\/\/chilematt.ch\/wp-content\/uploads\/2022\/08\/DSC02624-1024x683.jpg 1024w, https:\/\/chilematt.ch\/wp-content\/uploads\/2022\/08\/DSC02624-300x200.jpg 300w, https:\/\/chilematt.ch\/wp-content\/uploads\/2022\/08\/DSC02624-768x512.jpg 768w, https:\/\/chilematt.ch\/wp-content\/uploads\/2022\/08\/DSC02624-1536x1024.jpg 1536w, https:\/\/chilematt.ch\/wp-content\/uploads\/2022\/08\/DSC02624-2048x1365.jpg 2048w, https:\/\/chilematt.ch\/wp-content\/uploads\/2022\/08\/DSC02624-1568x1045.jpg 1568w\" sizes=\"(max-width: 1024px) 100vw, 1024px\" \/><figcaption class=\"wp-block-jetpack-slideshow_caption gallery-caption\">Sicht von Schlafzimmer<\/figcaption><\/figure><\/li><li class=\"wp-block-jetpack-slideshow_slide swiper-slide\"><figure><img loading=\"lazy\" decoding=\"async\" width=\"1024\" height=\"768\" alt=\"\" class=\"wp-block-jetpack-slideshow_image wp-image-317\" data-id=\"317\" src=\"https:\/\/chilematt.ch\/wp-content\/uploads\/2022\/08\/Aussicht-OG-IMG_20220810_170534-1024x768.jpg\" srcset=\"https:\/\/chilematt.ch\/wp-content\/uploads\/2022\/08\/Aussicht-OG-IMG_20220810_170534-1024x768.jpg 1024w, https:\/\/chilematt.ch\/wp-content\/uploads\/2022\/08\/Aussicht-OG-IMG_20220810_170534-300x225.jpg 300w, https:\/\/chilematt.ch\/wp-content\/uploads\/2022\/08\/Aussicht-OG-IMG_20220810_170534-768x576.jpg 768w, https:\/\/chilematt.ch\/wp-content\/uploads\/2022\/08\/Aussicht-OG-IMG_20220810_170534-1536x1152.jpg 1536w, https:\/\/chilematt.ch\/wp-content\/uploads\/2022\/08\/Aussicht-OG-IMG_20220810_170534-2048x1536.jpg 2048w, https:\/\/chilematt.ch\/wp-content\/uploads\/2022\/08\/Aussicht-OG-IMG_20220810_170534-1568x1176.jpg 1568w\" sizes=\"(max-width: 1024px) 100vw, 1024px\" \/><figcaption class=\"wp-block-jetpack-slideshow_caption gallery-caption\">Aussicht zweites Obergeschoss<\/figcaption><\/figure><\/li><li class=\"wp-block-jetpack-slideshow_slide swiper-slide\"><figure><img loading=\"lazy\" decoding=\"async\" width=\"1024\" height=\"683\" alt=\"\" class=\"wp-block-jetpack-slideshow_image wp-image-303\" data-id=\"303\" src=\"https:\/\/chilematt.ch\/wp-content\/uploads\/2022\/08\/DSC02625-1024x683.jpg\" srcset=\"https:\/\/chilematt.ch\/wp-content\/uploads\/2022\/08\/DSC02625-1024x683.jpg 1024w, https:\/\/chilematt.ch\/wp-content\/uploads\/2022\/08\/DSC02625-300x200.jpg 300w, https:\/\/chilematt.ch\/wp-content\/uploads\/2022\/08\/DSC02625-768x512.jpg 768w, https:\/\/chilematt.ch\/wp-content\/uploads\/2022\/08\/DSC02625-1536x1024.jpg 1536w, https:\/\/chilematt.ch\/wp-content\/uploads\/2022\/08\/DSC02625-2048x1365.jpg 2048w, https:\/\/chilematt.ch\/wp-content\/uploads\/2022\/08\/DSC02625-1568x1045.jpg 1568w\" sizes=\"(max-width: 1024px) 100vw, 1024px\" \/><figcaption class=\"wp-block-jetpack-slideshow_caption gallery-caption\">K\u00fcchenzeile<\/figcaption><\/figure><\/li><li class=\"wp-block-jetpack-slideshow_slide swiper-slide\"><figure><img loading=\"lazy\" decoding=\"async\" width=\"1024\" height=\"683\" alt=\"\" class=\"wp-block-jetpack-slideshow_image wp-image-304\" data-id=\"304\" src=\"https:\/\/chilematt.ch\/wp-content\/uploads\/2022\/08\/DSC02628-1024x683.jpg\" srcset=\"https:\/\/chilematt.ch\/wp-content\/uploads\/2022\/08\/DSC02628-1024x683.jpg 1024w, https:\/\/chilematt.ch\/wp-content\/uploads\/2022\/08\/DSC02628-300x200.jpg 300w, https:\/\/chilematt.ch\/wp-content\/uploads\/2022\/08\/DSC02628-768x512.jpg 768w, https:\/\/chilematt.ch\/wp-content\/uploads\/2022\/08\/DSC02628-1536x1024.jpg 1536w, https:\/\/chilematt.ch\/wp-content\/uploads\/2022\/08\/DSC02628-2048x1365.jpg 2048w, https:\/\/chilematt.ch\/wp-content\/uploads\/2022\/08\/DSC02628-1568x1045.jpg 1568w\" sizes=\"(max-width: 1024px) 100vw, 1024px\" \/><figcaption class=\"wp-block-jetpack-slideshow_caption gallery-caption\">B\u00fcro<\/figcaption><\/figure><\/li><li class=\"wp-block-jetpack-slideshow_slide swiper-slide\"><figure><img loading=\"lazy\" decoding=\"async\" width=\"1024\" height=\"683\" alt=\"\" class=\"wp-block-jetpack-slideshow_image wp-image-305\" data-id=\"305\" src=\"https:\/\/chilematt.ch\/wp-content\/uploads\/2022\/08\/DSC02630-1024x683.jpg\" srcset=\"https:\/\/chilematt.ch\/wp-content\/uploads\/2022\/08\/DSC02630-1024x683.jpg 1024w, https:\/\/chilematt.ch\/wp-content\/uploads\/2022\/08\/DSC02630-300x200.jpg 300w, https:\/\/chilematt.ch\/wp-content\/uploads\/2022\/08\/DSC02630-768x512.jpg 768w, https:\/\/chilematt.ch\/wp-content\/uploads\/2022\/08\/DSC02630-1536x1024.jpg 1536w, https:\/\/chilematt.ch\/wp-content\/uploads\/2022\/08\/DSC02630-2048x1365.jpg 2048w, https:\/\/chilematt.ch\/wp-content\/uploads\/2022\/08\/DSC02630-1568x1045.jpg 1568w\" sizes=\"(max-width: 1024px) 100vw, 1024px\" \/><figcaption class=\"wp-block-jetpack-slideshow_caption gallery-caption\">Badzimmer mit Dusche<\/figcaption><\/figure><\/li><li class=\"wp-block-jetpack-slideshow_slide swiper-slide\"><figure><img loading=\"lazy\" decoding=\"async\" width=\"1024\" height=\"683\" alt=\"\" class=\"wp-block-jetpack-slideshow_image wp-image-306\" data-id=\"306\" src=\"https:\/\/chilematt.ch\/wp-content\/uploads\/2022\/08\/DSC02633-1024x683.jpg\" srcset=\"https:\/\/chilematt.ch\/wp-content\/uploads\/2022\/08\/DSC02633-1024x683.jpg 1024w, https:\/\/chilematt.ch\/wp-content\/uploads\/2022\/08\/DSC02633-300x200.jpg 300w, https:\/\/chilematt.ch\/wp-content\/uploads\/2022\/08\/DSC02633-768x512.jpg 768w, https:\/\/chilematt.ch\/wp-content\/uploads\/2022\/08\/DSC02633-1536x1024.jpg 1536w, https:\/\/chilematt.ch\/wp-content\/uploads\/2022\/08\/DSC02633-2048x1365.jpg 2048w, https:\/\/chilematt.ch\/wp-content\/uploads\/2022\/08\/DSC02633-1568x1045.jpg 1568w\" sizes=\"(max-width: 1024px) 100vw, 1024px\" \/><figcaption class=\"wp-block-jetpack-slideshow_caption gallery-caption\">Wohnzimmer<\/figcaption><\/figure><\/li><li class=\"wp-block-jetpack-slideshow_slide swiper-slide\"><figure><img loading=\"lazy\" decoding=\"async\" width=\"1024\" height=\"683\" alt=\"\" class=\"wp-block-jetpack-slideshow_image wp-image-307\" data-id=\"307\" src=\"https:\/\/chilematt.ch\/wp-content\/uploads\/2022\/08\/DSC02634-1024x683.jpg\" srcset=\"https:\/\/chilematt.ch\/wp-content\/uploads\/2022\/08\/DSC02634-1024x683.jpg 1024w, https:\/\/chilematt.ch\/wp-content\/uploads\/2022\/08\/DSC02634-300x200.jpg 300w, https:\/\/chilematt.ch\/wp-content\/uploads\/2022\/08\/DSC02634-768x512.jpg 768w, https:\/\/chilematt.ch\/wp-content\/uploads\/2022\/08\/DSC02634-1536x1024.jpg 1536w, https:\/\/chilematt.ch\/wp-content\/uploads\/2022\/08\/DSC02634-2048x1365.jpg 2048w, https:\/\/chilematt.ch\/wp-content\/uploads\/2022\/08\/DSC02634-1568x1045.jpg 1568w\" sizes=\"(max-width: 1024px) 100vw, 1024px\" \/><figcaption class=\"wp-block-jetpack-slideshow_caption gallery-caption\">Schlafzimmer<\/figcaption><\/figure><\/li><\/ul><a class=\"wp-block-jetpack-slideshow_button-prev swiper-button-prev swiper-button-white\" role=\"button\"><\/a><a class=\"wp-block-jetpack-slideshow_button-next swiper-button-next swiper-button-white\" role=\"button\"><\/a><a aria-label=\"Pause Slideshow\" class=\"wp-block-jetpack-slideshow_button-pause\" role=\"button\"><\/a><div class=\"wp-block-jetpack-slideshow_pagination swiper-pagination swiper-pagination-white\"><\/div><\/div><\/div>\n\n\n\n<p><strong>Wohnatelier<\/strong><br>Wohnen und Arbeiten kombinieren? Wir haben das perfekte Wohnatelier f\u00fcr Sie, welche auch f\u00fcr B\u00fcro-oder Praxisr\u00e4umlichkeiten genutzt werden k\u00f6nnen.<\/p>\n\n\n\n<p><strong>Gewerberaum<\/strong><br>Ben\u00f6tigen Sie Platz f\u00fcr Ihr Unternehmen? Der Raum ist zur Schulstrasse gerichtet, so dass Sie ihr Gesch\u00e4ft gut pr\u00e4sentieren k\u00f6nnen. Die R\u00e4umlichkeiten sind lichtdurchflutet, zum Teil ausgebaut und k\u00f6nnen mit W\u00e4nden individuell unterteilt werden.<\/p>\n\n\n\n<p><strong>Saal<\/strong><br>F\u00fcr die Kirchgemeinde wurde der Mehrzweckraum \u201eLindensaal\u201c gebaut, welcher auch von Mietern genutzt werden kann.<\/p>\n\n\n\n<p><strong>Einstellhalle<\/strong><br>F\u00fcr die Parkierung stehen gen\u00fcgend Parkpl\u00e4tze in der Einstellhalle zur Verf\u00fcgung.<\/p>\n\n\n\n<div class=\"wp-block-cover alignfull\" style=\"min-height:615px;aspect-ratio:unset;\" id=\"Wohnlage\"><span aria-hidden=\"true\" class=\"wp-block-cover__background has-background-dim-10 has-background-dim\"><\/span><img loading=\"lazy\" decoding=\"async\" width=\"2560\" height=\"1707\" class=\"wp-block-cover__image-background wp-image-313\" alt=\"\" src=\"https:\/\/chilematt.ch\/wp-content\/uploads\/2022\/08\/DSC02614_ohneNR-scaled.jpg\" style=\"object-position:50% 50%\" data-object-fit=\"cover\" data-object-position=\"50% 50%\" srcset=\"https:\/\/chilematt.ch\/wp-content\/uploads\/2022\/08\/DSC02614_ohneNR-scaled.jpg 2560w, https:\/\/chilematt.ch\/wp-content\/uploads\/2022\/08\/DSC02614_ohneNR-300x200.jpg 300w, https:\/\/chilematt.ch\/wp-content\/uploads\/2022\/08\/DSC02614_ohneNR-1024x683.jpg 1024w, https:\/\/chilematt.ch\/wp-content\/uploads\/2022\/08\/DSC02614_ohneNR-768x512.jpg 768w, https:\/\/chilematt.ch\/wp-content\/uploads\/2022\/08\/DSC02614_ohneNR-1536x1024.jpg 1536w, https:\/\/chilematt.ch\/wp-content\/uploads\/2022\/08\/DSC02614_ohneNR-2048x1365.jpg 2048w, https:\/\/chilematt.ch\/wp-content\/uploads\/2022\/08\/DSC02614_ohneNR-1568x1045.jpg 1568w\" sizes=\"auto, (max-width: 2560px) 100vw, 2560px\" \/><div class=\"wp-block-cover__inner-container is-layout-flow wp-block-cover-is-layout-flow\">\n<p class=\"has-text-align-center has-large-font-size\"><\/p>\n<\/div><\/div>\n\n\n\n<p><strong>Wohnlage<\/strong><br>Die gute Lage nahe des Dorfzentrums macht das regionale Einkaufen zu Fuss sehr einfach m\u00f6glich. Nebst diversen Einkaufsgesch\u00e4ften wie Volg, Coop, B\u00e4ckerei, Apotheke und Drogerie, etc., sind auch die \u00f6ffentlichen Verkehrsanbindungen gleich neben der Haust\u00fcre zu finden. Wohnkomfort wie man diesen nur selten so nahe findet.<\/p>\n\n\n\n<figure><iframe loading=\"lazy\" src=\"https:\/\/www.google.com\/maps\/embed?pb=!1m18!1m12!1m3!1d674.612486600243!2d8.36412682922701!3d47.442167998698366!2m3!1f0!2f0!3f0!3m2!1i1024!2i768!4f13.1!3m3!1m2!1s0x479012a11a7b3b41%3A0xef96107a77b211cd!2sSchulstrasse%2017%2C%205436%20W%C3%BCrenlos!5e0!3m2!1sde!2sch!4v1571844442438!5m2!1sde!2sch\" allowfullscreen=\"\" width=\"1000\" height=\"300\"><\/iframe><\/figure>\n\n\n\n<div class=\"wp-block-media-text has-media-on-the-right is-stacked-on-mobile\" style=\"grid-template-columns:auto 40%\"><div class=\"wp-block-media-text__content\">\n<p class=\"has-text-color has-large-font-size\" style=\"color:#f68735\"><strong>LEBEN<\/strong><\/p>\n\n\n\n<p class=\"has-text-color has-large-font-size\" style=\"color:#ed3338\"><strong>WOHNEN<\/strong><\/p>\n\n\n\n<p class=\"has-text-color has-large-font-size\" style=\"color:#f68735\"><strong>ARBEITEN<\/strong><\/p>\n<\/div><figure class=\"wp-block-media-text__media\"><img loading=\"lazy\" decoding=\"async\" width=\"482\" height=\"381\" src=\"https:\/\/chilematt.ch\/wp-content\/uploads\/2021\/05\/Leben_Wohnen_Arbeiten.jpg\" alt=\"\" class=\"wp-image-109 size-full\" srcset=\"https:\/\/chilematt.ch\/wp-content\/uploads\/2021\/05\/Leben_Wohnen_Arbeiten.jpg 482w, https:\/\/chilematt.ch\/wp-content\/uploads\/2021\/05\/Leben_Wohnen_Arbeiten-300x237.jpg 300w\" sizes=\"auto, (max-width: 482px) 100vw, 482px\" \/><\/figure><\/div>\n\n\n\n<p id=\"Wohnungsangebot\"><strong>Folgende Wohnungen stehen zur Verf\u00fcgung:<\/strong><\/p>\n\n\n\n<figure class=\"wp-block-table alignwide is-style-stripes\"><table><thead><tr><th class=\"has-text-align-left\" data-align=\"left\">Nr.<\/th><th class=\"has-text-align-left\" data-align=\"left\">Etage<\/th><th class=\"has-text-align-left\" data-align=\"left\">Zimmer<\/th><th class=\"has-text-align-left\" data-align=\"left\">Fl\u00e4che<\/th><th>Status<\/th><\/tr><\/thead><tbody><tr><td class=\"has-text-align-left\" data-align=\"left\">00-W01<\/td><td class=\"has-text-align-left\" data-align=\"left\">EG<\/td><td class=\"has-text-align-left\" data-align=\"left\">Wohnatelier<\/td><td class=\"has-text-align-left\" data-align=\"left\">84 m<sup>2<\/sup><\/td><td>vermietet<\/td><\/tr><tr><td class=\"has-text-align-left\" data-align=\"left\">00-W02<\/td><td class=\"has-text-align-left\" data-align=\"left\">EG<\/td><td class=\"has-text-align-left\" data-align=\"left\">Wohnatelier<\/td><td class=\"has-text-align-left\" data-align=\"left\">80.5 m<sup>2<\/sup><\/td><td>vermietet<\/td><\/tr><tr><td class=\"has-text-align-left\" data-align=\"left\">00-W03<\/td><td class=\"has-text-align-left\" data-align=\"left\">EG<\/td><td class=\"has-text-align-left\" data-align=\"left\">Wohnatelier<\/td><td class=\"has-text-align-left\" data-align=\"left\">80.5 m<sup>2<\/sup><\/td><td>vermietet<\/td><\/tr><tr><td class=\"has-text-align-left\" data-align=\"left\">00-W04<\/td><td class=\"has-text-align-left\" data-align=\"left\">EG<\/td><td class=\"has-text-align-left\" data-align=\"left\">Gewerberaum<\/td><td class=\"has-text-align-left\" data-align=\"left\">110.5 m<sup>2<\/sup><\/td><td>vermietet<\/td><\/tr><tr><td class=\"has-text-align-left\" data-align=\"left\">01-W06<\/td><td class=\"has-text-align-left\" data-align=\"left\">1. OG<\/td><td class=\"has-text-align-left\" data-align=\"left\">3.5-Zi. Wohnung<\/td><td class=\"has-text-align-left\" data-align=\"left\">83 m<sup>2<\/sup><\/td><td>vermietet<\/td><\/tr><tr><td class=\"has-text-align-left\" data-align=\"left\">01-W07<\/td><td class=\"has-text-align-left\" data-align=\"left\">1. OG<\/td><td class=\"has-text-align-left\" data-align=\"left\">3.5-Zi. Wohnung<\/td><td class=\"has-text-align-left\" data-align=\"left\">79.5 m<sup>2<\/sup><\/td><td>vermietet<\/td><\/tr><tr><td class=\"has-text-align-left\" data-align=\"left\">01-W08<\/td><td class=\"has-text-align-left\" data-align=\"left\">1. OG<\/td><td class=\"has-text-align-left\" data-align=\"left\">3.5-Zi. Wohnung<\/td><td class=\"has-text-align-left\" data-align=\"left\">79.5 m<sup>2<\/sup><\/td><td>vermietet<\/td><\/tr><tr><td class=\"has-text-align-left\" data-align=\"left\">01-W09<\/td><td class=\"has-text-align-left\" data-align=\"left\">1. OG<\/td><td class=\"has-text-align-left\" data-align=\"left\">5.0-Zi. Wohnung<\/td><td class=\"has-text-align-left\" data-align=\"left\">130 m<sup>2<\/sup><\/td><td>vermietet<\/td><\/tr><tr><td class=\"has-text-align-left\" data-align=\"left\">02-W10<\/td><td class=\"has-text-align-left\" data-align=\"left\">2. OG<\/td><td class=\"has-text-align-left\" data-align=\"left\">3.5-Zi. Wohnung<\/td><td class=\"has-text-align-left\" data-align=\"left\">83 m<sup>2<\/sup><\/td><td>vermietet<\/td><\/tr><tr><td class=\"has-text-align-left\" data-align=\"left\">02-W11<\/td><td class=\"has-text-align-left\" data-align=\"left\">2. OG<\/td><td class=\"has-text-align-left\" data-align=\"left\">3.5-Zi. Wohnung<\/td><td class=\"has-text-align-left\" data-align=\"left\">79.5 m<sup>2<\/sup><\/td><td>vermietet<\/td><\/tr><tr><td class=\"has-text-align-left\" data-align=\"left\">02-W12<\/td><td class=\"has-text-align-left\" data-align=\"left\">2. OG<\/td><td class=\"has-text-align-left\" data-align=\"left\">3.5-Zi. Wohnung<\/td><td class=\"has-text-align-left\" data-align=\"left\">79.5 m<sup>2<\/sup><\/td><td>vermietet<\/td><\/tr><tr><td class=\"has-text-align-left\" data-align=\"left\">02-W13<\/td><td class=\"has-text-align-left\" data-align=\"left\">2. OG<\/td><td class=\"has-text-align-left\" data-align=\"left\">5.0-Zi. Wohnung<\/td><td class=\"has-text-align-left\" data-align=\"left\">130 m<sup>2<\/sup><\/td><td>vermietet<\/td><\/tr><\/tbody><\/table><figcaption class=\"wp-element-caption\">Wohnungsangebot<\/figcaption><\/figure>\n\n\n\n<p><\/p>\n\n\n\n<p class=\"has-primary-background-color has-background\">F\u00fcr weitere Informationen kontaktieren Sie:<br>Abitop GmbH<br>Sandra Esslinger<br>T\u00e4gerhardring 8<br>5436 W\u00fcrenlos<br>Telefon: <a href=\"tel:+41565111188\">056 511 11 88<\/a><br><a href=\"mailto:sandra.esslinger@abitop.ch\">sandra.esslinger@abitop.ch<\/a><br><\/p>\n\n\n\n<p><\/p>\n","protected":false},"excerpt":{"rendered":"<p>In der Chilematt in W\u00fcrenlos entstand ein Mehrfamilienhaus mit Mietwohnungen, Wohnateliers und einem Gewerberaum.Wohnen und Arbeiten sind in diesem durchdachten Projekt vereint, passend zur Lebenssituation. Geb\u00e4ude Kurzbaubeschrieb (PDF) Wohnungen (1. + 2. OG) \u25cf Moderner Ausbau\u25cf Grosse Wohnk\u00fcche mit viel Platz\u25cf Wohnungen barriere- und hindernisfrei begehbar \u25cf Bodenbelag Parkett in den Wohnr\u00e4umen\u25cf Eigener Kellerraum\u25cf Zwei<a class=\"more-link\" href=\"https:\/\/chilematt.ch\/\">Continue reading <span class=\"screen-reader-text\">&#171;Neubau Chilematt W\u00fcrenlos&#187;<\/span><\/a><\/p>\n","protected":false},"author":1,"featured_media":167,"parent":0,"menu_order":0,"comment_status":"closed","ping_status":"closed","template":"","meta":{"footnotes":""},"class_list":["post-161","page","type-page","status-publish","has-post-thumbnail","hentry","entry"],"jetpack_sharing_enabled":true,"_links":{"self":[{"href":"https:\/\/chilematt.ch\/index.php?rest_route=\/wp\/v2\/pages\/161","targetHints":{"allow":["GET"]}}],"collection":[{"href":"https:\/\/chilematt.ch\/index.php?rest_route=\/wp\/v2\/pages"}],"about":[{"href":"https:\/\/chilematt.ch\/index.php?rest_route=\/wp\/v2\/types\/page"}],"author":[{"embeddable":true,"href":"https:\/\/chilematt.ch\/index.php?rest_route=\/wp\/v2\/users\/1"}],"replies":[{"embeddable":true,"href":"https:\/\/chilematt.ch\/index.php?rest_route=%2Fwp%2Fv2%2Fcomments&post=161"}],"version-history":[{"count":40,"href":"https:\/\/chilematt.ch\/index.php?rest_route=\/wp\/v2\/pages\/161\/revisions"}],"predecessor-version":[{"id":348,"href":"https:\/\/chilematt.ch\/index.php?rest_route=\/wp\/v2\/pages\/161\/revisions\/348"}],"wp:featuredmedia":[{"embeddable":true,"href":"https:\/\/chilematt.ch\/index.php?rest_route=\/wp\/v2\/media\/167"}],"wp:attachment":[{"href":"https:\/\/chilematt.ch\/index.php?rest_route=%2Fwp%2Fv2%2Fmedia&parent=161"}],"curies":[{"name":"wp","href":"https:\/\/api.w.org\/{rel}","templated":true}]}}